{"id":2360,"date":"2016-01-22T03:46:42","date_gmt":"2016-01-22T03:46:42","guid":{"rendered":"http:\/\/rttheme20.rtthemes.com\/?page_id=2360"},"modified":"2025-02-15T15:27:29","modified_gmt":"2025-02-15T15:27:29","slug":"home-page","status":"publish","type":"page","link":"https:\/\/www.alfaglasscam.com.tr\/","title":{"rendered":"Anasayfa"},"content":{"rendered":"<p>[vc_row rt_row_background_width=&#8221;fullwidth&#8221; rt_row_content_width=&#8221;fullwidth&#8221; rt_row_style=&#8221;default-style&#8221; rt_row_borders=&#8221;&#8221; rt_row_shadows=&#8221;&#8221; rt_row_paddings=&#8221;false&#8221; rt_bg_effect=&#8221;classic&#8221; rt_bg_image_repeat=&#8221;repeat&#8221; rt_bg_size=&#8221;cover&#8221; rt_bg_position=&#8221;right top&#8221; rt_bg_attachment=&#8221;scroll&#8221; rt_bg_video_format=&#8221;self-hosted&#8221;][vc_column rt_column_shadow=&#8221;&#8221; rt_bg_image_repeat=&#8221;repeat&#8221; rt_bg_size=&#8221;auto auto&#8221; rt_bg_attachment=&#8221;scroll&#8221;]<div id=\"content-slider-667859\" class=\"rt-carousel main-carousel carousel-holder clearfix\" data-item-width=\"1\" data-mobile-height=\"380\" data-nav=\"true\" data-dots=\"true\" data-parallax=\"false\" data-timeout=\"10000\" data-autoplay=\"true\">\n<div class=\"owl-carousel\">\n\r\n\t\t<div class=\"item  alt-style-2\" style=\"background-image: url(https:\/\/www.alfaglasscam.com.tr\/wp-content\/uploads\/2025\/01\/alfa-cam1.jpg);background-repeat: no-repeat;background-size: cover;background-position: center center;min-height: 580px;\">\r\n\t\t\t<a href=\"#\" target=\"_self\" title=\"\"><\/a>\r\n\t\t\t<div class=\"slide-content-wrapper default clearfix\">\r\n\t\t\t\t<div class=\"slide-content  left text-left\" style=\"width: 45%;margin-top: 210px;\" data-mobile-top-margin= \"80\">\t\t\t\r\n\t\t\t\t\t<h2 class=\"slide_heading\" style=\"font-size:35px; line-height:110%\" data-mobile-value=\"28\" data-mobile-line-height=\"150%\">Her Mek\u00e2n\u0131 Ba\u015ftan Yarat\u0131n!<\/h2>\r\n\t\t\t\t\t\r\n\t\t\t\t\t<div class=\"title-line\"><\/div><div class=\"slide-text\"><p>\u0130htiyac\u0131n\u0131za \u00f6zel cam se\u00e7enekleriyle, ya\u015fam alanlar\u0131n\u0131z\u0131 daha ayd\u0131nl\u0131k ve g\u00fcvenli hale getirin. Yenilik\u00e7i teknolojilerle, her projede y\u00fcksek performans ve uzun \u00f6m\u00fcrl\u00fc cam \u00e7\u00f6z\u00fcmleri sunuyoruz.<\/p>\n<\/div>\r\n\t\t\t\t\t\r\n\t\t\t<div class=\"button_wrapper align button-1\"><a  href=\"\/index.php\/contact-us\" target=\"_self\" title=\"Bize Ula\u015f\u0131n\" class=\"button_  color small\">Bize Ula\u015f\u0131n<\/a><\/div>\r\n\t\t\r\n\t\t\t\t\t\r\n\t\t\t<div class=\"button_wrapper align button-2\"><a  href=\"https:\/\/www.alfaglasscam.com.tr\/Katalog.pdf\" target=\"_self\" title=\"Katalog\" class=\"button_  light small\">Katalog<\/a><\/div>\r\n\t\t\r\n\t\t\t\t<\/div>\r\n\t\t\t<\/div>\r\n\t\t<\/div>\r\n\t\t<div class=\"item  alt-style-2\" style=\"background-image: url(https:\/\/www.alfaglasscam.com.tr\/wp-content\/uploads\/2025\/01\/alfa-cam2.jpg);background-repeat: no-repeat;background-size: cover;background-position: center center;min-height: 580px;\">\r\n\t\t\t<a href=\"#\" target=\"_self\" title=\"\"><\/a>\r\n\t\t\t<div class=\"slide-content-wrapper default clearfix\">\r\n\t\t\t\t<div class=\"slide-content  left text-left\" style=\"width: 45%;margin-top: 210px;\" data-mobile-top-margin= \"80\">\t\t\t\r\n\t\t\t\t\t<h2 class=\"slide_heading\" style=\"font-size:35px; line-height:110%\" data-mobile-value=\"28\" data-mobile-line-height=\"150%\">Estetik ve G\u00fcvenli Dolap Camlar\u0131!<\/h2>\r\n\t\t\t\t\t\r\n\t\t\t\t\t<div class=\"title-line\"><\/div><div class=\"slide-text\"><p>\u015eeffaf, dayan\u0131kl\u0131 ve \u015f\u0131k dolap camlar\u0131 ile her t\u00fcrl\u00fc ihtiyaca uygun \u00e7\u00f6z\u00fcmler sunuyoruz. Hem g\u00fcvenli\u011fi hem de esteti\u011fi \u00f6n planda tutarak ya\u015fam alanlar\u0131n\u0131za de\u011fer kat\u0131yoruz.<\/p>\n<\/div>\r\n\t\t\t\t\t\r\n\t\t\t<div class=\"button_wrapper align button-1\"><a  href=\"\/index.php\/contact-us\" target=\"_self\" title=\"Bize Ula\u015f\u0131n\" class=\"button_  color small\">Bize Ula\u015f\u0131n<\/a><\/div>\r\n\t\t\r\n\t\t\t\t\t\r\n\t\t\t<div class=\"button_wrapper align button-2\"><a  href=\"https:\/\/www.alfaglasscam.com.tr\/Katalog.pdf\" target=\"_self\" title=\"Katalog\" class=\"button_  light small\">Katalog<\/a><\/div>\r\n\t\t\r\n\t\t\t\t<\/div>\r\n\t\t\t<\/div>\r\n\t\t<\/div>\r\n\t\t<div class=\"item  alt-style-2\" style=\"background-image: url(https:\/\/www.alfaglasscam.com.tr\/wp-content\/uploads\/2025\/01\/alfa-cam3.jpg);background-repeat: no-repeat;background-size: cover;background-position: center center;min-height: 580px;\">\r\n\t\t\t<a href=\"#\" target=\"_self\" title=\"\"><\/a>\r\n\t\t\t<div class=\"slide-content-wrapper default clearfix\">\r\n\t\t\t\t<div class=\"slide-content  left text-left\" style=\"width: 45%;margin-top: 210px;\" data-mobile-top-margin= \"80\">\t\t\t\r\n\t\t\t\t\t<h2 class=\"slide_heading\" style=\"font-size:35px; line-height:110%\" data-mobile-value=\"28\" data-mobile-line-height=\"150%\">Her \u0130htiyaca Uygun Cam \u00c7\u00f6z\u00fcmleri!<\/h2>\r\n\t\t\t\t\t\r\n\t\t\t\t\t<div class=\"title-line\"><\/div><div class=\"slide-text\"><p>Her projeye \u00f6zel tasarlanm\u0131\u015f cam \u00fcr\u00fcnleriyle, \u015f\u0131kl\u0131\u011f\u0131 ve fonksiyonelli\u011fi bir arada sunuyoruz. Y\u00fcksek kaliteli camlar ile i\u00e7 ve d\u0131\u015f mekanlar\u0131n\u0131za estetik de\u011fer katarken, g\u00fcvenlikten \u00f6d\u00fcn vermiyorsunuz. <\/p>\n<\/div>\r\n\t\t\t\t\t\r\n\t\t\t<div class=\"button_wrapper align button-1\"><a  href=\"\/index.php\/contact-us\" target=\"_self\" title=\"Bize Ula\u015f\u0131n\" class=\"button_  color small\">Bize Ula\u015f\u0131n<\/a><\/div>\r\n\t\t\r\n\t\t\t\t\t\r\n\t\t\t<div class=\"button_wrapper align button-2\"><a  href=\"https:\/\/www.alfaglasscam.com.tr\/Katalog.pdf\" target=\"_self\" title=\"Katalog\" class=\"button_  light small\">Katalog<\/a><\/div>\r\n\t\t\r\n\t\t\t\t<\/div>\r\n\t\t\t<\/div>\r\n\t\t<\/div><\/div>\n\r\n\t\t\t\t<div id=\"content-slider-667859-dots\" class=\"dots-holder\">\r\n\t\t\t\t<\/div>\r\n\t\t\t\n<\/div>\n[\/vc_column][\/vc_row][vc_row rt_row_background_width=&#8221;fullwidth&#8221; rt_row_content_width=&#8221;default&#8221; rt_row_style=&#8221;default-style&#8221; rt_row_borders=&#8221;&#8221; rt_row_shadows=&#8221;&#8221; rt_row_paddings=&#8221;true&#8221; rt_bg_effect=&#8221;parallax&#8221; rt_bg_parallax_effect=&#8221;1&#8243; rt_bg_image_repeat=&#8221;repeat&#8221; rt_bg_size=&#8221;auto auto&#8221; rt_bg_position=&#8221;right top&#8221; rt_bg_video_format=&#8221;self-hosted&#8221; rt_row_width=&#8221;default&#8221; rt_row_placement=&#8221;true&#8221; rt_grid=&#8221;&#8221; rt_padding_top=&#8221;60&#8243; rt_padding_bottom=&#8221;60&#8243;][vc_column width=&#8221;1\/4&#8243; rt_column_shadow=&#8221;&#8221; rt_bg_image_repeat=&#8221;repeat&#8221; rt_bg_size=&#8221;auto auto&#8221; rt_bg_attachment=&#8221;scroll&#8221;]<div class=\"rt_heading_wrapper style-1\">\r\n\t\t\t\t\t\t<h4 class=\"rt_heading  with_punchline style-1\" ><span class=\"punchline\">01<\/span>\u00dcretim<\/h4>\r\n\t\t\t\t\t<\/div>[vc_column_text css=&#8221;&#8221;]Y\u00fcksek kaliteli cam \u00fcretimiyle sekt\u00f6rdeki en yenilik\u00e7i \u00e7\u00f6z\u00fcmleri sunuyoruz. Modern teknoloji ve uzman kadromuzla her ihtiyaca y\u00f6nelik cam \u00e7\u00f6z\u00fcmleri \u00fcretiyoruz.[\/vc_column_text][vc_empty_space height=&#8221;5px&#8221;][\/vc_column][vc_column width=&#8221;1\/4&#8243; rt_column_shadow=&#8221;&#8221; rt_bg_image_repeat=&#8221;repeat&#8221; rt_bg_size=&#8221;auto auto&#8221; rt_bg_attachment=&#8221;scroll&#8221;]<div class=\"rt_heading_wrapper style-1\">\r\n\t\t\t\t\t\t<h4 class=\"rt_heading  with_punchline style-1\" ><span class=\"punchline\">02<\/span>Kalite Kontrol<\/h4>\r\n\t\t\t\t\t<\/div>[vc_column_text css=&#8221;&#8221;]Her a\u015famada kaliteyi \u00f6n planda tutarak, \u00fcr\u00fcnlerimizin m\u00fckemmelli\u011fini sa\u011fl\u0131yoruz. Geli\u015fmi\u015f test y\u00f6ntemleri ile t\u00fcm camlar\u0131m\u0131z titizlikle denetleniyor.[\/vc_column_text][vc_empty_space height=&#8221;5px&#8221;][\/vc_column][vc_column width=&#8221;1\/4&#8243; rt_column_shadow=&#8221;&#8221; rt_bg_image_repeat=&#8221;repeat&#8221; rt_bg_size=&#8221;auto auto&#8221; rt_bg_attachment=&#8221;scroll&#8221;]<div class=\"rt_heading_wrapper style-1\">\r\n\t\t\t\t\t\t<h4 class=\"rt_heading  with_punchline style-1\" ><span class=\"punchline\">03<\/span>Proje Destek<\/h4>\r\n\t\t\t\t\t<\/div>[vc_column_text css=&#8221;&#8221;]Her a\u015famada m\u00fc\u015fteri odakl\u0131 bir yakla\u015f\u0131m benimseyerek,\u00a0 B\u00fcy\u00fck \u00f6l\u00e7ekli projelerde uzman ekiplerimizle, zaman\u0131nda teslimat ve y\u00fcksek kaliteli cam \u00e7\u00f6z\u00fcmleri sa\u011fl\u0131yoruz.[\/vc_column_text][vc_empty_space height=&#8221;5px&#8221;][\/vc_column][vc_column width=&#8221;1\/4&#8243; rt_column_shadow=&#8221;&#8221; rt_bg_image_repeat=&#8221;repeat&#8221; rt_bg_size=&#8221;auto auto&#8221; rt_bg_attachment=&#8221;scroll&#8221;]<div class=\"rt_heading_wrapper style-1\">\r\n\t\t\t\t\t\t<h4 class=\"rt_heading  with_punchline style-1\" ><span class=\"punchline\">04<\/span>\u0130leri Teknoloji<\/h4>\r\n\t\t\t\t\t<\/div>[vc_column_text css=&#8221;&#8221;]S\u00fcrekli geli\u015fen teknoloji ile cam \u00fcretiminde en son yenilikleri kullan\u0131yor, sekt\u00f6rdeki liderli\u011fimizi s\u00fcrd\u00fcr\u00fcyoruz. Beklentilerinizi a\u015fan \u00fcr\u00fcnler sunuyoruz.[\/vc_column_text][vc_empty_space height=&#8221;5px&#8221;][\/vc_column][\/vc_row]<\/p>\n","protected":false},"excerpt":{"rendered":"<p>[vc_row rt_row_background_width=&#8221;fullwidth&#8221; rt_row_content_width=&#8221;fullwidth&#8221; rt_row_style=&#8221;default-style&#8221; rt_row_borders=&#8221;&#8221; rt_row_shadows=&#8221;&#8221; rt_row_paddings=&#8221;false&#8221; rt_bg_effect=&#8221;classic&#8221; rt_bg_image_repeat=&#8221;repeat&#8221; rt_bg_size=&#8221;cover&#8221; rt_bg_position=&#8221;right top&#8221; rt_bg_attachment=&#8221;scroll&#8221; rt_bg_video_format=&#8221;self-hosted&#8221;][vc_column rt_column_shadow=&#8221;&#8221; rt_bg_image_repeat=&#8221;repeat&#8221; rt_bg_size=&#8221;auto auto&#8221; rt_bg_attachment=&#8221;scroll&#8221;][\/vc_column][\/vc_row][vc_row rt_row_background_width=&#8221;fullwidth&#8221; rt_row_content_width=&#8221;default&#8221; rt_row_style=&#8221;default-style&#8221; rt_row_borders=&#8221;&#8221; rt_row_shadows=&#8221;&#8221; rt_row_paddings=&#8221;true&#8221; rt_bg_effect=&#8221;parallax&#8221; rt_bg_parallax_effect=&#8221;1&#8243; rt_bg_image_repeat=&#8221;repeat&#8221; rt_bg_size=&#8221;auto auto&#8221; rt_bg_position=&#8221;right top&#8221; rt_bg_video_format=&#8221;self-hosted&#8221; rt_row_width=&#8221;default&#8221; rt_row_placement=&#8221;true&#8221; rt_grid=&#8221;&#8221; rt_padding_top=&#8221;60&#8243; rt_padding_bottom=&#8221;60&#8243;][vc_column width=&#8221;1\/4&#8243; rt_column_shadow=&#8221;&#8221; rt_bg_image_repeat=&#8221;repeat&#8221; rt_bg_size=&#8221;auto auto&#8221; rt_bg_attachment=&#8221;scroll&#8221;][vc_column_text css=&#8221;&#8221;]Y\u00fcksek kaliteli cam \u00fcretimiyle sekt\u00f6rdeki en yenilik\u00e7i \u00e7\u00f6z\u00fcmleri sunuyoruz. Modern teknoloji &#8230; <a class=\"more-link\" href=\"https:\/\/www.alfaglasscam.com.tr\/\">Continue reading<\/a><\/p>\n","protected":false},"author":1,"featured_media":0,"parent":0,"menu_order":0,"comment_status":"closed","ping_status":"closed","template":"","meta":{"footnotes":""},"class_list":["post-2360","page","type-page","status-publish","hentry"],"_links":{"self":[{"href":"https:\/\/www.alfaglasscam.com.tr\/index.php\/wp-json\/wp\/v2\/pages\/2360","targetHints":{"allow":["GET"]}}],"collection":[{"href":"https:\/\/www.alfaglasscam.com.tr\/index.php\/wp-json\/wp\/v2\/pages"}],"about":[{"href":"https:\/\/www.alfaglasscam.com.tr\/index.php\/wp-json\/wp\/v2\/types\/page"}],"author":[{"embeddable":true,"href":"https:\/\/www.alfaglasscam.com.tr\/index.php\/wp-json\/wp\/v2\/users\/1"}],"replies":[{"embeddable":true,"href":"https:\/\/www.alfaglasscam.com.tr\/index.php\/wp-json\/wp\/v2\/comments?post=2360"}],"version-history":[{"count":12,"href":"https:\/\/www.alfaglasscam.com.tr\/index.php\/wp-json\/wp\/v2\/pages\/2360\/revisions"}],"predecessor-version":[{"id":2861,"href":"https:\/\/www.alfaglasscam.com.tr\/index.php\/wp-json\/wp\/v2\/pages\/2360\/revisions\/2861"}],"wp:attachment":[{"href":"https:\/\/www.alfaglasscam.com.tr\/index.php\/wp-json\/wp\/v2\/media?parent=2360"}],"curies":[{"name":"wp","href":"https:\/\/api.w.org\/{rel}","templated":true}]}}